{"id":29259,"date":"2023-03-14T10:41:57","date_gmt":"2023-03-14T09:41:57","guid":{"rendered":"https:\/\/www.akead.com\/fr\/?page_id=29259"},"modified":"2023-04-17T16:15:23","modified_gmt":"2023-04-17T14:15:23","slug":"a-propos","status":"publish","type":"page","link":"https:\/\/www.akead.com\/fr\/entreprise\/a-propos\/","title":{"rendered":"A propos"},"content":{"rendered":"\t\t<div data-elementor-type=\"wp-page\" data-elementor-id=\"29259\" class=\"elementor elementor-29259\">\n\t\t\t\t\t\t<section class=\"elementor-section elementor-top-section elementor-element elementor-element-e001998 elementor-section-full_width elementor-section-height-default elementor-section-height-default\" data-id=\"e001998\" data-element_type=\"section\">\n\t\t\t\t\t\t<div class=\"elementor-container elementor-column-gap-no\">\n\t\t\t\t\t<div class=\"elementor-column elementor-col-100 elementor-top-column elementor-element elementor-element-6c0b3d9\" data-id=\"6c0b3d9\" data-element_type=\"column\">\n\t\t\t<div class=\"elementor-widget-wrap elementor-element-populated\">\n\t\t\t\t\t\t<div class=\"elementor-element elementor-element-d92cfc5 elementor-widget elementor-widget-image\" data-id=\"d92cfc5\" data-element_type=\"widget\" data-widget_type=\"image.default\">\n\t\t\t\t<div class=\"elementor-widget-container\">\n\t\t\t<style>\/*! elementor - v3.22.0 - 24-06-2024 *\/\n.elementor-widget-image{text-align:center}.elementor-widget-image a{display:inline-block}.elementor-widget-image a img[src$=\".svg\"]{width:48px}.elementor-widget-image img{vertical-align:middle;display:inline-block}<\/style>\t\t\t\t\t\t\t\t\t\t<img fetchpriority=\"high\" decoding=\"async\" width=\"1920\" height=\"750\" src=\"https:\/\/www.akead.com\/fr\/wp-content\/uploads\/sites\/3\/2023\/03\/akead-hakkindafr.jpg\" class=\"attachment-full size-full wp-image-30355\" alt=\"\" srcset=\"https:\/\/www.akead.com\/fr\/wp-content\/uploads\/sites\/3\/2023\/03\/akead-hakkindafr.jpg 1920w, https:\/\/www.akead.com\/fr\/wp-content\/uploads\/sites\/3\/2023\/03\/akead-hakkindafr-300x117.jpg 300w, https:\/\/www.akead.com\/fr\/wp-content\/uploads\/sites\/3\/2023\/03\/akead-hakkindafr-1024x400.jpg 1024w, https:\/\/www.akead.com\/fr\/wp-content\/uploads\/sites\/3\/2023\/03\/akead-hakkindafr-768x300.jpg 768w, https:\/\/www.akead.com\/fr\/wp-content\/uploads\/sites\/3\/2023\/03\/akead-hakkindafr-1536x600.jpg 1536w, https:\/\/www.akead.com\/fr\/wp-content\/uploads\/sites\/3\/2023\/03\/akead-hakkindafr-24x9.jpg 24w, https:\/\/www.akead.com\/fr\/wp-content\/uploads\/sites\/3\/2023\/03\/akead-hakkindafr-36x14.jpg 36w, https:\/\/www.akead.com\/fr\/wp-content\/uploads\/sites\/3\/2023\/03\/akead-hakkindafr-48x19.jpg 48w\" sizes=\"(max-width: 1920px) 100vw, 1920px\" \/>\t\t\t\t\t\t\t\t\t\t\t\t\t<\/div>\n\t\t\t\t<\/div>\n\t\t\t\t\t<\/div>\n\t\t<\/div>\n\t\t\t\t\t<\/div>\n\t\t<\/section>\n\t\t\t\t<section class=\"elementor-section elementor-top-section elementor-element elementor-element-6d34e32 elementor-reverse-mobile elementor-section-boxed elementor-section-height-default elementor-section-height-default\" data-id=\"6d34e32\" data-element_type=\"section\">\n\t\t\t\t\t\t<div class=\"elementor-container elementor-column-gap-default\">\n\t\t\t\t\t<div class=\"elementor-column elementor-col-33 elementor-top-column elementor-element elementor-element-fa1300f\" data-id=\"fa1300f\" data-element_type=\"column\" data-settings=\"{&quot;background_background&quot;:&quot;classic&quot;}\">\n\t\t\t<div class=\"elementor-widget-wrap elementor-element-populated\">\n\t\t\t\t\t\t<div class=\"elementor-element elementor-element-f0b6905 elementor-nav-menu__align-left elementor-nav-menu--dropdown-none elementor-widget elementor-widget-nav-menu\" data-id=\"f0b6905\" data-element_type=\"widget\" data-settings=\"{&quot;layout&quot;:&quot;vertical&quot;,&quot;submenu_icon&quot;:{&quot;value&quot;:&quot;&lt;i class=\\&quot;\\&quot;&gt;&lt;\\\/i&gt;&quot;,&quot;library&quot;:&quot;&quot;}}\" data-widget_type=\"nav-menu.default\">\n\t\t\t\t<div class=\"elementor-widget-container\">\n\t\t\t<link rel=\"stylesheet\" href=\"https:\/\/www.akead.com\/fr\/wp-content\/plugins\/elementor-pro\/assets\/css\/widget-nav-menu.min.css\">\t\t\t<nav class=\"elementor-nav-menu--main elementor-nav-menu__container elementor-nav-menu--layout-vertical e--pointer-none\">\n\t\t\t\t<ul id=\"menu-1-f0b6905\" class=\"elementor-nav-menu sm-vertical\"><li class=\"menu-item menu-item-type-post_type menu-item-object-page menu-item-30362\"><a href=\"https:\/\/www.akead.com\/fr\/entreprise\/a-propos\/\" class=\"elementor-item\">A propos de nous<\/a><\/li>\n<li class=\"menu-item menu-item-type-post_type menu-item-object-page menu-item-30360\"><a href=\"https:\/\/www.akead.com\/fr\/entreprise\/nos-valeurs\/\" class=\"elementor-item\">Nos valeurs<\/a><\/li>\n<li class=\"menu-item menu-item-type-post_type menu-item-object-page menu-item-30777\"><a href=\"https:\/\/www.akead.com\/fr\/entreprise\/profile-de-lentreprise\/\" class=\"elementor-item\">Profile de l\u2019entreprise<\/a><\/li>\n<\/ul>\t\t\t<\/nav>\n\t\t\t\t\t\t<nav class=\"elementor-nav-menu--dropdown elementor-nav-menu__container\" aria-hidden=\"true\">\n\t\t\t\t<ul id=\"menu-2-f0b6905\" class=\"elementor-nav-menu sm-vertical\"><li class=\"menu-item menu-item-type-post_type menu-item-object-page menu-item-30362\"><a href=\"https:\/\/www.akead.com\/fr\/entreprise\/a-propos\/\" class=\"elementor-item\" tabindex=\"-1\">A propos de nous<\/a><\/li>\n<li class=\"menu-item menu-item-type-post_type menu-item-object-page menu-item-30360\"><a href=\"https:\/\/www.akead.com\/fr\/entreprise\/nos-valeurs\/\" class=\"elementor-item\" tabindex=\"-1\">Nos valeurs<\/a><\/li>\n<li class=\"menu-item menu-item-type-post_type menu-item-object-page menu-item-30777\"><a href=\"https:\/\/www.akead.com\/fr\/entreprise\/profile-de-lentreprise\/\" class=\"elementor-item\" tabindex=\"-1\">Profile de l\u2019entreprise<\/a><\/li>\n<\/ul>\t\t\t<\/nav>\n\t\t\t\t<\/div>\n\t\t\t\t<\/div>\n\t\t\t\t\t<\/div>\n\t\t<\/div>\n\t\t\t\t<div class=\"elementor-column elementor-col-66 elementor-top-column elementor-element elementor-element-31f7c8b\" data-id=\"31f7c8b\" data-element_type=\"column\" data-settings=\"{&quot;background_background&quot;:&quot;classic&quot;}\">\n\t\t\t<div class=\"elementor-widget-wrap elementor-element-populated\">\n\t\t\t\t\t\t<div class=\"elementor-element elementor-element-809e477 elementor-widget elementor-widget-heading\" data-id=\"809e477\" data-element_type=\"widget\" data-widget_type=\"heading.default\">\n\t\t\t\t<div class=\"elementor-widget-container\">\n\t\t\t<style>\/*! elementor - v3.22.0 - 24-06-2024 *\/\n.elementor-heading-title{padding:0;margin:0;line-height:1}.elementor-widget-heading .elementor-heading-title[class*=elementor-size-]>a{color:inherit;font-size:inherit;line-height:inherit}.elementor-widget-heading .elementor-heading-title.elementor-size-small{font-size:15px}.elementor-widget-heading .elementor-heading-title.elementor-size-medium{font-size:19px}.elementor-widget-heading .elementor-heading-title.elementor-size-large{font-size:29px}.elementor-widget-heading .elementor-heading-title.elementor-size-xl{font-size:39px}.elementor-widget-heading .elementor-heading-title.elementor-size-xxl{font-size:59px}<\/style><h1 class=\"elementor-heading-title elementor-size-default\">Investir dans l'avenir avec les solutions logicielles AKEAD !<\/h1>\t\t<\/div>\n\t\t\t\t<\/div>\n\t\t\t\t<div class=\"elementor-element elementor-element-ebad54b elementor-widget-divider--view-line elementor-widget elementor-widget-divider\" data-id=\"ebad54b\" data-element_type=\"widget\" data-widget_type=\"divider.default\">\n\t\t\t\t<div class=\"elementor-widget-container\">\n\t\t\t<style>\/*! elementor - v3.22.0 - 24-06-2024 *\/\n.elementor-widget-divider{--divider-border-style:none;--divider-border-width:1px;--divider-color:#0c0d0e;--divider-icon-size:20px;--divider-element-spacing:10px;--divider-pattern-height:24px;--divider-pattern-size:20px;--divider-pattern-url:none;--divider-pattern-repeat:repeat-x}.elementor-widget-divider .elementor-divider{display:flex}.elementor-widget-divider .elementor-divider__text{font-size:15px;line-height:1;max-width:95%}.elementor-widget-divider .elementor-divider__element{margin:0 var(--divider-element-spacing);flex-shrink:0}.elementor-widget-divider .elementor-icon{font-size:var(--divider-icon-size)}.elementor-widget-divider .elementor-divider-separator{display:flex;margin:0;direction:ltr}.elementor-widget-divider--view-line_icon .elementor-divider-separator,.elementor-widget-divider--view-line_text .elementor-divider-separator{align-items:center}.elementor-widget-divider--view-line_icon .elementor-divider-separator:after,.elementor-widget-divider--view-line_icon .elementor-divider-separator:before,.elementor-widget-divider--view-line_text .elementor-divider-separator:after,.elementor-widget-divider--view-line_text .elementor-divider-separator:before{display:block;content:\"\";border-block-end:0;flex-grow:1;border-block-start:var(--divider-border-width) var(--divider-border-style) var(--divider-color)}.elementor-widget-divider--element-align-left .elementor-divider .elementor-divider-separator>.elementor-divider__svg:first-of-type{flex-grow:0;flex-shrink:100}.elementor-widget-divider--element-align-left .elementor-divider-separator:before{content:none}.elementor-widget-divider--element-align-left .elementor-divider__element{margin-left:0}.elementor-widget-divider--element-align-right .elementor-divider .elementor-divider-separator>.elementor-divider__svg:last-of-type{flex-grow:0;flex-shrink:100}.elementor-widget-divider--element-align-right .elementor-divider-separator:after{content:none}.elementor-widget-divider--element-align-right .elementor-divider__element{margin-right:0}.elementor-widget-divider--element-align-start .elementor-divider .elementor-divider-separator>.elementor-divider__svg:first-of-type{flex-grow:0;flex-shrink:100}.elementor-widget-divider--element-align-start .elementor-divider-separator:before{content:none}.elementor-widget-divider--element-align-start .elementor-divider__element{margin-inline-start:0}.elementor-widget-divider--element-align-end .elementor-divider .elementor-divider-separator>.elementor-divider__svg:last-of-type{flex-grow:0;flex-shrink:100}.elementor-widget-divider--element-align-end .elementor-divider-separator:after{content:none}.elementor-widget-divider--element-align-end .elementor-divider__element{margin-inline-end:0}.elementor-widget-divider:not(.elementor-widget-divider--view-line_text):not(.elementor-widget-divider--view-line_icon) .elementor-divider-separator{border-block-start:var(--divider-border-width) var(--divider-border-style) var(--divider-color)}.elementor-widget-divider--separator-type-pattern{--divider-border-style:none}.elementor-widget-divider--separator-type-pattern.elementor-widget-divider--view-line .elementor-divider-separator,.elementor-widget-divider--separator-type-pattern:not(.elementor-widget-divider--view-line) .elementor-divider-separator:after,.elementor-widget-divider--separator-type-pattern:not(.elementor-widget-divider--view-line) .elementor-divider-separator:before,.elementor-widget-divider--separator-type-pattern:not([class*=elementor-widget-divider--view]) .elementor-divider-separator{width:100%;min-height:var(--divider-pattern-height);-webkit-mask-size:var(--divider-pattern-size) 100%;mask-size:var(--divider-pattern-size) 100%;-webkit-mask-repeat:var(--divider-pattern-repeat);mask-repeat:var(--divider-pattern-repeat);background-color:var(--divider-color);-webkit-mask-image:var(--divider-pattern-url);mask-image:var(--divider-pattern-url)}.elementor-widget-divider--no-spacing{--divider-pattern-size:auto}.elementor-widget-divider--bg-round{--divider-pattern-repeat:round}.rtl .elementor-widget-divider .elementor-divider__text{direction:rtl}.e-con-inner>.elementor-widget-divider,.e-con>.elementor-widget-divider{width:var(--container-widget-width,100%);--flex-grow:var(--container-widget-flex-grow)}<\/style>\t\t<div class=\"elementor-divider\">\n\t\t\t<span class=\"elementor-divider-separator\">\n\t\t\t\t\t\t<\/span>\n\t\t<\/div>\n\t\t\t\t<\/div>\n\t\t\t\t<\/div>\n\t\t\t\t<div class=\"elementor-element elementor-element-fa8d2f2 elementor-widget elementor-widget-text-editor\" data-id=\"fa8d2f2\" data-element_type=\"widget\" data-widget_type=\"text-editor.default\">\n\t\t\t\t<div class=\"elementor-widget-container\">\n\t\t\t<style>\/*! elementor - v3.22.0 - 24-06-2024 *\/\n.elementor-widget-text-editor.elementor-drop-cap-view-stacked .elementor-drop-cap{background-color:#69727d;color:#fff}.elementor-widget-text-editor.elementor-drop-cap-view-framed .elementor-drop-cap{color:#69727d;border:3px solid;background-color:transparent}.elementor-widget-text-editor:not(.elementor-drop-cap-view-default) .elementor-drop-cap{margin-top:8px}.elementor-widget-text-editor:not(.elementor-drop-cap-view-default) .elementor-drop-cap-letter{width:1em;height:1em}.elementor-widget-text-editor .elementor-drop-cap{float:left;text-align:center;line-height:1;font-size:50px}.elementor-widget-text-editor .elementor-drop-cap-letter{display:inline-block}<\/style>\t\t\t\t<p class=\"\">Les entreprises dot\u00e9es d&rsquo;une technologie indispensable ont besoin un meilleur syst\u00e8me de gestion qui se renouvelle constamment avec des technologies innovantes pour am\u00e9liorer num\u00e9riquement leurs mod\u00e8les commerciaux, leurs op\u00e9rations et leurs processus. Fond\u00e9e en France \u00e0 Strasbourg en 2002 pour r\u00e9pondre \u00e0 ces besoins, AKEAD aide aux entreprises locales et mondiales \u00e0 adopter une approche de gestion fonctionnelle, \u00e0 planifier correctement leur activit\u00e9 et \u00e0 acqu\u00e9rir un avantage concurrentiel gr\u00e2ce aux solutions logicielles qu&rsquo;elle d\u00e9veloppe.<\/p><p class=\"\">AKEAD produit des solutions rationnelles pour diff\u00e9rents services de l\u2019entreprises, de la comptabilit\u00e9 \u00e0 la gestion des ventes, des ressources humaines \u00e0 la logistique, fournit des services avec de nombreux produits diff\u00e9rents tels que des logiciels commerciaux, la planification des ressources d&rsquo;entreprise, des syst\u00e8mes d&rsquo;automatisation de caisse enregistreuse, des terminaux d&rsquo;entrep\u00f4t et de magasin et des applications pour les smartphones.<\/p><p class=\"\">AKEAD permet aux entreprises d&rsquo;utiliser leurs ressources de la mani\u00e8re la plus efficace avec ses solutions logicielles de technologie avanc\u00e9e, continue d&rsquo;\u00eatre un expert dans sa branche avec les connaissances et le soutien de son \u00e9quipe compos\u00e9e d&rsquo;experts et de partenaires commerciaux, et continue d&rsquo;aider aux entreprises \u00e0 faire progresser leurs activit\u00e9s<\/p><p class=\"\">AKEAD a d\u00e9m\u00e9nag\u00e9 son si\u00e8ge \u00e0 Istanbul en 2008, propose des solutions sp\u00e9ciales aux secteurs tertiaires, production, vente en gros et au d\u00e9tail avec pr\u00e8s de 20 ans d&rsquo;exp\u00e9rience. Les solutions logicielles AKEAD fonctionne en 5 langues diff\u00e9rentes dont le turc, le fran\u00e7ais, l&rsquo;allemand, l&rsquo;anglais et le n\u00e9erlandais et activement utilis\u00e9es dans 12 pays, continue d&rsquo;augmenter le succ\u00e8s qu&rsquo;il obtenu dans les pays de l&rsquo;Union Europ\u00e9en.<\/p><p class=\"\">AKEAD r\u00e9pond aux besoins des entreprises et offre de nouvelles opportunit\u00e9s avec ses trois produits principaux AKEAD ERP, AKEAD BS et AKEAD POS, produit \u00e9galement des solutions pour diff\u00e9rentes demandes des entreprises \u00e0 travers d&rsquo;autres solutions logicielles. AKEAD enrichit chaque jour ses produits, permet \u00e0 ses clients de d\u00e9velopper leur activit\u00e9 en offrant la possibilit\u00e9 de faire un changement entre les paquets.<\/p>\t\t\t\t\t\t<\/div>\n\t\t\t\t<\/div>\n\t\t\t\t\t<\/div>\n\t\t<\/div>\n\t\t\t\t\t<\/div>\n\t\t<\/section>\n\t\t\t\t<\/div>\n\t\t","protected":false},"excerpt":{"rendered":"<p>Investir dans l&rsquo;avenir avec les solutions logicielles AKEAD ! Les entreprises dot\u00e9es d&rsquo;une technologie indispensable ont besoin un meilleur syst\u00e8me de gestion qui se renouvelle constamment avec des technologies innovantes pour am\u00e9liorer num\u00e9riquement leurs mod\u00e8les commerciaux, leurs op\u00e9rations et leurs processus. Fond\u00e9e en France \u00e0 Strasbourg en 2002 pour r\u00e9pondre \u00e0 ces besoins, AKEAD aide [&hellip;]<\/p>\n","protected":false},"author":1,"featured_media":30355,"parent":29256,"menu_order":0,"comment_status":"closed","ping_status":"closed","template":"elementor_header_footer","meta":{"_acf_changed":false,"inline_featured_image":false,"footnotes":""},"categories":[],"tags":[],"yoast_head":"<!-- This site is optimized with the Yoast SEO plugin v20.6 - https:\/\/yoast.com\/wordpress\/plugins\/seo\/ -->\n<title>\u00c0 propos d&#039;Akead | Investir dans l&#039;avenir avec Akead Logicielles<\/title>\n<meta name=\"description\" content=\"Fond\u00e9e en France en 2002, AKEAD accompagne les entreprises locales et mondiales dans la mise en place d&#039;une approche de gestion fonctionnelle avec ses solutions logicielles.\" \/>\n<meta name=\"robots\" content=\"index, follow, max-snippet:-1, max-image-preview:large, max-video-preview:-1\" \/>\n<link rel=\"canonical\" href=\"https:\/\/www.akead.com\/fr\/entreprise\/a-propos\/\" \/>\n<meta property=\"og:locale\" content=\"fr_FR\" \/>\n<meta property=\"og:type\" content=\"article\" \/>\n<meta property=\"og:title\" content=\"\u00c0 propos d&#039;Akead | Investir dans l&#039;avenir avec Akead Logicielles\" \/>\n<meta property=\"og:description\" content=\"Fond\u00e9e en France en 2002, AKEAD accompagne les entreprises locales et mondiales dans la mise en place d&#039;une approche de gestion fonctionnelle avec ses solutions logicielles.\" \/>\n<meta property=\"og:url\" content=\"https:\/\/www.akead.com\/fr\/entreprise\/a-propos\/\" \/>\n<meta property=\"og:site_name\" content=\"AKEAD Solution Logicielle\" \/>\n<meta property=\"article:modified_time\" content=\"2023-04-17T14:15:23+00:00\" \/>\n<meta property=\"og:image\" content=\"https:\/\/www.akead.com\/fr\/wp-content\/uploads\/sites\/3\/2023\/03\/akead-hakkindafr.jpg\" \/>\n\t<meta property=\"og:image:width\" content=\"1920\" \/>\n\t<meta property=\"og:image:height\" content=\"750\" \/>\n\t<meta property=\"og:image:type\" content=\"image\/jpeg\" \/>\n<meta name=\"twitter:card\" content=\"summary_large_image\" \/>\n<meta name=\"twitter:label1\" content=\"Dur\u00e9e de lecture estim\u00e9e\" \/>\n\t<meta name=\"twitter:data1\" content=\"2 minutes\" \/>\n<script type=\"application\/ld+json\" class=\"yoast-schema-graph\">{\"@context\":\"https:\/\/schema.org\",\"@graph\":[{\"@type\":\"WebPage\",\"@id\":\"https:\/\/www.akead.com\/fr\/entreprise\/a-propos\/\",\"url\":\"https:\/\/www.akead.com\/fr\/entreprise\/a-propos\/\",\"name\":\"\u00c0 propos d'Akead | Investir dans l'avenir avec Akead Logicielles\",\"isPartOf\":{\"@id\":\"https:\/\/www.akead.com\/fr\/#website\"},\"datePublished\":\"2023-03-14T09:41:57+00:00\",\"dateModified\":\"2023-04-17T14:15:23+00:00\",\"description\":\"Fond\u00e9e en France en 2002, AKEAD accompagne les entreprises locales et mondiales dans la mise en place d'une approche de gestion fonctionnelle avec ses solutions logicielles.\",\"breadcrumb\":{\"@id\":\"https:\/\/www.akead.com\/fr\/entreprise\/a-propos\/#breadcrumb\"},\"inLanguage\":\"fr-FR\",\"potentialAction\":[{\"@type\":\"ReadAction\",\"target\":[\"https:\/\/www.akead.com\/fr\/entreprise\/a-propos\/\"]}]},{\"@type\":\"BreadcrumbList\",\"@id\":\"https:\/\/www.akead.com\/fr\/entreprise\/a-propos\/#breadcrumb\",\"itemListElement\":[{\"@type\":\"ListItem\",\"position\":1,\"name\":\"Home\",\"item\":\"https:\/\/www.akead.com\/fr\/\"},{\"@type\":\"ListItem\",\"position\":2,\"name\":\"Entreprise\",\"item\":\"https:\/\/www.akead.com\/fr\/entreprise\/\"},{\"@type\":\"ListItem\",\"position\":3,\"name\":\"A propos\"}]},{\"@type\":\"WebSite\",\"@id\":\"https:\/\/www.akead.com\/fr\/#website\",\"url\":\"https:\/\/www.akead.com\/fr\/\",\"name\":\"AKEAD Solution Logicielle\",\"description\":\"\",\"publisher\":{\"@id\":\"https:\/\/www.akead.com\/fr\/#organization\"},\"potentialAction\":[{\"@type\":\"SearchAction\",\"target\":{\"@type\":\"EntryPoint\",\"urlTemplate\":\"https:\/\/www.akead.com\/fr\/?s={search_term_string}\"},\"query-input\":\"required name=search_term_string\"}],\"inLanguage\":\"fr-FR\"},{\"@type\":\"Organization\",\"@id\":\"https:\/\/www.akead.com\/fr\/#organization\",\"name\":\"AKEAD Solution Logicielle\",\"url\":\"https:\/\/www.akead.com\/fr\/\",\"logo\":{\"@type\":\"ImageObject\",\"inLanguage\":\"fr-FR\",\"@id\":\"https:\/\/www.akead.com\/fr\/#\/schema\/logo\/image\/\",\"url\":\"https:\/\/www.akead.com\/fr\/wp-content\/uploads\/sites\/3\/2026\/04\/akead-24th.svg\",\"contentUrl\":\"https:\/\/www.akead.com\/fr\/wp-content\/uploads\/sites\/3\/2026\/04\/akead-24th.svg\",\"width\":428,\"height\":68,\"caption\":\"AKEAD Solution Logicielle\"},\"image\":{\"@id\":\"https:\/\/www.akead.com\/fr\/#\/schema\/logo\/image\/\"}}]}<\/script>\n<!-- \/ Yoast SEO plugin. -->","yoast_head_json":{"title":"\u00c0 propos d'Akead | Investir dans l'avenir avec Akead Logicielles","description":"Fond\u00e9e en France en 2002, AKEAD accompagne les entreprises locales et mondiales dans la mise en place d'une approche de gestion fonctionnelle avec ses solutions logicielles.","robots":{"index":"index","follow":"follow","max-snippet":"max-snippet:-1","max-image-preview":"max-image-preview:large","max-video-preview":"max-video-preview:-1"},"canonical":"https:\/\/www.akead.com\/fr\/entreprise\/a-propos\/","og_locale":"fr_FR","og_type":"article","og_title":"\u00c0 propos d'Akead | Investir dans l'avenir avec Akead Logicielles","og_description":"Fond\u00e9e en France en 2002, AKEAD accompagne les entreprises locales et mondiales dans la mise en place d'une approche de gestion fonctionnelle avec ses solutions logicielles.","og_url":"https:\/\/www.akead.com\/fr\/entreprise\/a-propos\/","og_site_name":"AKEAD Solution Logicielle","article_modified_time":"2023-04-17T14:15:23+00:00","og_image":[{"width":1920,"height":750,"url":"https:\/\/www.akead.com\/fr\/wp-content\/uploads\/sites\/3\/2023\/03\/akead-hakkindafr.jpg","type":"image\/jpeg"}],"twitter_card":"summary_large_image","twitter_misc":{"Dur\u00e9e de lecture estim\u00e9e":"2 minutes"},"schema":{"@context":"https:\/\/schema.org","@graph":[{"@type":"WebPage","@id":"https:\/\/www.akead.com\/fr\/entreprise\/a-propos\/","url":"https:\/\/www.akead.com\/fr\/entreprise\/a-propos\/","name":"\u00c0 propos d'Akead | Investir dans l'avenir avec Akead Logicielles","isPartOf":{"@id":"https:\/\/www.akead.com\/fr\/#website"},"datePublished":"2023-03-14T09:41:57+00:00","dateModified":"2023-04-17T14:15:23+00:00","description":"Fond\u00e9e en France en 2002, AKEAD accompagne les entreprises locales et mondiales dans la mise en place d'une approche de gestion fonctionnelle avec ses solutions logicielles.","breadcrumb":{"@id":"https:\/\/www.akead.com\/fr\/entreprise\/a-propos\/#breadcrumb"},"inLanguage":"fr-FR","potentialAction":[{"@type":"ReadAction","target":["https:\/\/www.akead.com\/fr\/entreprise\/a-propos\/"]}]},{"@type":"BreadcrumbList","@id":"https:\/\/www.akead.com\/fr\/entreprise\/a-propos\/#breadcrumb","itemListElement":[{"@type":"ListItem","position":1,"name":"Home","item":"https:\/\/www.akead.com\/fr\/"},{"@type":"ListItem","position":2,"name":"Entreprise","item":"https:\/\/www.akead.com\/fr\/entreprise\/"},{"@type":"ListItem","position":3,"name":"A propos"}]},{"@type":"WebSite","@id":"https:\/\/www.akead.com\/fr\/#website","url":"https:\/\/www.akead.com\/fr\/","name":"AKEAD Solution Logicielle","description":"","publisher":{"@id":"https:\/\/www.akead.com\/fr\/#organization"},"potentialAction":[{"@type":"SearchAction","target":{"@type":"EntryPoint","urlTemplate":"https:\/\/www.akead.com\/fr\/?s={search_term_string}"},"query-input":"required name=search_term_string"}],"inLanguage":"fr-FR"},{"@type":"Organization","@id":"https:\/\/www.akead.com\/fr\/#organization","name":"AKEAD Solution Logicielle","url":"https:\/\/www.akead.com\/fr\/","logo":{"@type":"ImageObject","inLanguage":"fr-FR","@id":"https:\/\/www.akead.com\/fr\/#\/schema\/logo\/image\/","url":"https:\/\/www.akead.com\/fr\/wp-content\/uploads\/sites\/3\/2026\/04\/akead-24th.svg","contentUrl":"https:\/\/www.akead.com\/fr\/wp-content\/uploads\/sites\/3\/2026\/04\/akead-24th.svg","width":428,"height":68,"caption":"AKEAD Solution Logicielle"},"image":{"@id":"https:\/\/www.akead.com\/fr\/#\/schema\/logo\/image\/"}}]}},"acf":[],"_links":{"self":[{"href":"https:\/\/www.akead.com\/fr\/wp-json\/wp\/v2\/pages\/29259"}],"collection":[{"href":"https:\/\/www.akead.com\/fr\/wp-json\/wp\/v2\/pages"}],"about":[{"href":"https:\/\/www.akead.com\/fr\/wp-json\/wp\/v2\/types\/page"}],"author":[{"embeddable":true,"href":"https:\/\/www.akead.com\/fr\/wp-json\/wp\/v2\/users\/1"}],"replies":[{"embeddable":true,"href":"https:\/\/www.akead.com\/fr\/wp-json\/wp\/v2\/comments?post=29259"}],"version-history":[{"count":35,"href":"https:\/\/www.akead.com\/fr\/wp-json\/wp\/v2\/pages\/29259\/revisions"}],"predecessor-version":[{"id":31127,"href":"https:\/\/www.akead.com\/fr\/wp-json\/wp\/v2\/pages\/29259\/revisions\/31127"}],"up":[{"embeddable":true,"href":"https:\/\/www.akead.com\/fr\/wp-json\/wp\/v2\/pages\/29256"}],"wp:featuredmedia":[{"embeddable":true,"href":"https:\/\/www.akead.com\/fr\/wp-json\/wp\/v2\/media\/30355"}],"wp:attachment":[{"href":"https:\/\/www.akead.com\/fr\/wp-json\/wp\/v2\/media?parent=29259"}],"wp:term":[{"taxonomy":"category","embeddable":true,"href":"https:\/\/www.akead.com\/fr\/wp-json\/wp\/v2\/categories?post=29259"},{"taxonomy":"post_tag","embeddable":true,"href":"https:\/\/www.akead.com\/fr\/wp-json\/wp\/v2\/tags?post=29259"}],"curies":[{"name":"wp","href":"https:\/\/api.w.org\/{rel}","templated":true}]}}