{"id":30770,"date":"2023-03-25T09:34:11","date_gmt":"2023-03-25T08:34:11","guid":{"rendered":"https:\/\/www.akead.com\/fr\/?page_id=30770"},"modified":"2023-03-25T09:35:02","modified_gmt":"2023-03-25T08:35:02","slug":"profile-de-lentreprise","status":"publish","type":"page","link":"https:\/\/www.akead.com\/fr\/entreprise\/profile-de-lentreprise\/","title":{"rendered":"Profile de l&rsquo;entreprise"},"content":{"rendered":"\t\t<div data-elementor-type=\"wp-page\" data-elementor-id=\"30770\" class=\"elementor elementor-30770\">\n\t\t\t\t\t\t<section class=\"elementor-section elementor-top-section elementor-element elementor-element-bdb1560 elementor-section-boxed elementor-section-height-default elementor-section-height-default\" data-id=\"bdb1560\" data-element_type=\"section\">\n\t\t\t\t\t\t<div class=\"elementor-container elementor-column-gap-default\">\n\t\t\t\t\t<div class=\"elementor-column elementor-col-100 elementor-top-column elementor-element elementor-element-3560a44\" data-id=\"3560a44\" data-element_type=\"column\">\n\t\t\t<div class=\"elementor-widget-wrap elementor-element-populated\">\n\t\t\t\t\t\t<div class=\"elementor-element elementor-element-e6a311e elementor-widget elementor-widget-text-editor\" data-id=\"e6a311e\" data-element_type=\"widget\" data-widget_type=\"text-editor.default\">\n\t\t\t\t<div class=\"elementor-widget-container\">\n\t\t\t<style>\/*! elementor - v3.22.0 - 24-06-2024 *\/\n.elementor-widget-text-editor.elementor-drop-cap-view-stacked .elementor-drop-cap{background-color:#69727d;color:#fff}.elementor-widget-text-editor.elementor-drop-cap-view-framed .elementor-drop-cap{color:#69727d;border:3px solid;background-color:transparent}.elementor-widget-text-editor:not(.elementor-drop-cap-view-default) .elementor-drop-cap{margin-top:8px}.elementor-widget-text-editor:not(.elementor-drop-cap-view-default) .elementor-drop-cap-letter{width:1em;height:1em}.elementor-widget-text-editor .elementor-drop-cap{float:left;text-align:center;line-height:1;font-size:50px}.elementor-widget-text-editor .elementor-drop-cap-letter{display:inline-block}<\/style>\t\t\t\t<table class=\"table table-striped\"><tbody><tr><td>Profil de l\u2019entreprise<\/td><td><img decoding=\"async\" class=\"img-fluid\" src=\"https:\/\/www.akead.com\/assets\/img\/svg\/logoC.svg\" alt=\"Card image\" \/><\/td><\/tr><tr><td>Nom de l\u2019entreprise<\/td><td>AKEAD SOLUTION LOGICIEL<\/td><\/tr><tr><td>Adres<\/td><td>Tepe\u00fcst\u00fc mah. Do\u011fanevler cad. No:30-32 Kat:4 34771 \u00dcMRANIYE \/ \u0130STANBUL<\/td><\/tr><tr><td>Slogan<\/td><td>Logiciel commerciale<\/td><\/tr><tr><td>Date de fondation<\/td><td>2002<\/td><\/tr><tr><td>Pays<\/td><td>T\u00fcrkiye<\/td><\/tr><tr><td>Filiale<\/td><td>France<\/td><\/tr><tr><td>Filiale<\/td><td>Allemagne<\/td><\/tr><tr><td>Activit\u00e9<\/td><td>Logiciel<\/td><\/tr><tr><td>Date de fondation en Turquie<\/td><td>2008<\/td><\/tr><tr><td>Centre d\u2019imp\u00f4t<\/td><td>\u00dcmraniye<\/td><\/tr><tr><td>Num\u00e9ro d\u2019imp\u00f4t<\/td><td>0230656793<\/td><\/tr><tr><td>Num\u00e9ro de r\u00e9gime<\/td><td>0023065679300002<\/td><\/tr><tr><td>Registre du commerce<\/td><td>681592<\/td><\/tr><tr><td>T\u00e9l\u00e9phone<\/td><td>+90 216 632 7066 Pbx<\/td><\/tr><tr><td>Fax\/td&gt;<\/td><td>+90 216 632 7076<\/td><\/tr><tr><td>\u0130nternet<\/td><td>www.akead.com<\/td><\/tr><tr><td>E Mail<\/td><td>info@akead.com<\/td><\/tr><tr><td>Activit\u00e9s<\/td><td>: Produire des solutions logicielles en Europe, Afrique et Turquie<\/td><\/tr><tr><td>Services<\/td><td>Fournir des logiciels, des formations, des conseils et des services d&rsquo;assistance aux entreprises<\/td><\/tr><\/tbody><\/table>\t\t\t\t\t\t<\/div>\n\t\t\t\t<\/div>\n\t\t\t\t\t<\/div>\n\t\t<\/div>\n\t\t\t\t\t<\/div>\n\t\t<\/section>\n\t\t\t\t<\/div>\n\t\t","protected":false},"excerpt":{"rendered":"<p>Profil de l\u2019entreprise Nom de l\u2019entreprise AKEAD SOLUTION LOGICIEL Adres Tepe\u00fcst\u00fc mah. Do\u011fanevler cad. No:30-32 Kat:4 34771 \u00dcMRANIYE \/ \u0130STANBUL Slogan Logiciel commerciale Date de fondation 2002 Pays T\u00fcrkiye Filiale France Filiale Allemagne Activit\u00e9 Logiciel Date de fondation en Turquie 2008 Centre d\u2019imp\u00f4t \u00dcmraniye Num\u00e9ro d\u2019imp\u00f4t 0230656793 Num\u00e9ro de r\u00e9gime 0023065679300002 Registre du commerce 681592 [&hellip;]<\/p>\n","protected":false},"author":1,"featured_media":0,"parent":29256,"menu_order":0,"comment_status":"closed","ping_status":"closed","template":"elementor_header_footer","meta":{"_acf_changed":false,"inline_featured_image":false,"footnotes":""},"categories":[],"tags":[],"yoast_head":"<!-- This site is optimized with the Yoast SEO plugin v20.6 - https:\/\/yoast.com\/wordpress\/plugins\/seo\/ -->\n<title>Profile de l&#039;entreprise - AKEAD Solution Logicielle<\/title>\n<meta name=\"robots\" content=\"index, follow, max-snippet:-1, max-image-preview:large, max-video-preview:-1\" \/>\n<link rel=\"canonical\" href=\"https:\/\/www.akead.com\/fr\/entreprise\/profile-de-lentreprise\/\" \/>\n<meta property=\"og:locale\" content=\"fr_FR\" \/>\n<meta property=\"og:type\" content=\"article\" \/>\n<meta property=\"og:title\" content=\"Profile de l&#039;entreprise - AKEAD Solution Logicielle\" \/>\n<meta property=\"og:description\" content=\"Profil de l\u2019entreprise Nom de l\u2019entreprise AKEAD SOLUTION LOGICIEL Adres Tepe\u00fcst\u00fc mah. Do\u011fanevler cad. No:30-32 Kat:4 34771 \u00dcMRANIYE \/ \u0130STANBUL Slogan Logiciel commerciale Date de fondation 2002 Pays T\u00fcrkiye Filiale France Filiale Allemagne Activit\u00e9 Logiciel Date de fondation en Turquie 2008 Centre d\u2019imp\u00f4t \u00dcmraniye Num\u00e9ro d\u2019imp\u00f4t 0230656793 Num\u00e9ro de r\u00e9gime 0023065679300002 Registre du commerce 681592 [&hellip;]\" \/>\n<meta property=\"og:url\" content=\"https:\/\/www.akead.com\/fr\/entreprise\/profile-de-lentreprise\/\" \/>\n<meta property=\"og:site_name\" content=\"AKEAD Solution Logicielle\" \/>\n<meta property=\"article:modified_time\" content=\"2023-03-25T08:35:02+00:00\" \/>\n<meta property=\"og:image\" content=\"https:\/\/www.akead.com\/assets\/img\/svg\/logoC.svg\" \/>\n<meta name=\"twitter:card\" content=\"summary_large_image\" \/>\n<meta name=\"twitter:label1\" content=\"Dur\u00e9e de lecture estim\u00e9e\" \/>\n\t<meta name=\"twitter:data1\" content=\"1 minute\" \/>\n<script type=\"application\/ld+json\" class=\"yoast-schema-graph\">{\"@context\":\"https:\/\/schema.org\",\"@graph\":[{\"@type\":\"WebPage\",\"@id\":\"https:\/\/www.akead.com\/fr\/entreprise\/profile-de-lentreprise\/\",\"url\":\"https:\/\/www.akead.com\/fr\/entreprise\/profile-de-lentreprise\/\",\"name\":\"Profile de l'entreprise - AKEAD Solution Logicielle\",\"isPartOf\":{\"@id\":\"https:\/\/www.akead.com\/fr\/#website\"},\"datePublished\":\"2023-03-25T08:34:11+00:00\",\"dateModified\":\"2023-03-25T08:35:02+00:00\",\"breadcrumb\":{\"@id\":\"https:\/\/www.akead.com\/fr\/entreprise\/profile-de-lentreprise\/#breadcrumb\"},\"inLanguage\":\"fr-FR\",\"potentialAction\":[{\"@type\":\"ReadAction\",\"target\":[\"https:\/\/www.akead.com\/fr\/entreprise\/profile-de-lentreprise\/\"]}]},{\"@type\":\"BreadcrumbList\",\"@id\":\"https:\/\/www.akead.com\/fr\/entreprise\/profile-de-lentreprise\/#breadcrumb\",\"itemListElement\":[{\"@type\":\"ListItem\",\"position\":1,\"name\":\"Home\",\"item\":\"https:\/\/www.akead.com\/fr\/\"},{\"@type\":\"ListItem\",\"position\":2,\"name\":\"Entreprise\",\"item\":\"https:\/\/www.akead.com\/fr\/entreprise\/\"},{\"@type\":\"ListItem\",\"position\":3,\"name\":\"Profile de l&#8217;entreprise\"}]},{\"@type\":\"WebSite\",\"@id\":\"https:\/\/www.akead.com\/fr\/#website\",\"url\":\"https:\/\/www.akead.com\/fr\/\",\"name\":\"AKEAD Solution Logicielle\",\"description\":\"\",\"publisher\":{\"@id\":\"https:\/\/www.akead.com\/fr\/#organization\"},\"potentialAction\":[{\"@type\":\"SearchAction\",\"target\":{\"@type\":\"EntryPoint\",\"urlTemplate\":\"https:\/\/www.akead.com\/fr\/?s={search_term_string}\"},\"query-input\":\"required name=search_term_string\"}],\"inLanguage\":\"fr-FR\"},{\"@type\":\"Organization\",\"@id\":\"https:\/\/www.akead.com\/fr\/#organization\",\"name\":\"AKEAD Solution Logicielle\",\"url\":\"https:\/\/www.akead.com\/fr\/\",\"logo\":{\"@type\":\"ImageObject\",\"inLanguage\":\"fr-FR\",\"@id\":\"https:\/\/www.akead.com\/fr\/#\/schema\/logo\/image\/\",\"url\":\"https:\/\/www.akead.com\/fr\/wp-content\/uploads\/sites\/3\/2026\/04\/akead-24th.svg\",\"contentUrl\":\"https:\/\/www.akead.com\/fr\/wp-content\/uploads\/sites\/3\/2026\/04\/akead-24th.svg\",\"width\":428,\"height\":68,\"caption\":\"AKEAD Solution Logicielle\"},\"image\":{\"@id\":\"https:\/\/www.akead.com\/fr\/#\/schema\/logo\/image\/\"}}]}<\/script>\n<!-- \/ Yoast SEO plugin. -->","yoast_head_json":{"title":"Profile de l'entreprise - AKEAD Solution Logicielle","robots":{"index":"index","follow":"follow","max-snippet":"max-snippet:-1","max-image-preview":"max-image-preview:large","max-video-preview":"max-video-preview:-1"},"canonical":"https:\/\/www.akead.com\/fr\/entreprise\/profile-de-lentreprise\/","og_locale":"fr_FR","og_type":"article","og_title":"Profile de l'entreprise - AKEAD Solution Logicielle","og_description":"Profil de l\u2019entreprise Nom de l\u2019entreprise AKEAD SOLUTION LOGICIEL Adres Tepe\u00fcst\u00fc mah. Do\u011fanevler cad. No:30-32 Kat:4 34771 \u00dcMRANIYE \/ \u0130STANBUL Slogan Logiciel commerciale Date de fondation 2002 Pays T\u00fcrkiye Filiale France Filiale Allemagne Activit\u00e9 Logiciel Date de fondation en Turquie 2008 Centre d\u2019imp\u00f4t \u00dcmraniye Num\u00e9ro d\u2019imp\u00f4t 0230656793 Num\u00e9ro de r\u00e9gime 0023065679300002 Registre du commerce 681592 [&hellip;]","og_url":"https:\/\/www.akead.com\/fr\/entreprise\/profile-de-lentreprise\/","og_site_name":"AKEAD Solution Logicielle","article_modified_time":"2023-03-25T08:35:02+00:00","og_image":[{"url":"https:\/\/www.akead.com\/assets\/img\/svg\/logoC.svg"}],"twitter_card":"summary_large_image","twitter_misc":{"Dur\u00e9e de lecture estim\u00e9e":"1 minute"},"schema":{"@context":"https:\/\/schema.org","@graph":[{"@type":"WebPage","@id":"https:\/\/www.akead.com\/fr\/entreprise\/profile-de-lentreprise\/","url":"https:\/\/www.akead.com\/fr\/entreprise\/profile-de-lentreprise\/","name":"Profile de l'entreprise - AKEAD Solution Logicielle","isPartOf":{"@id":"https:\/\/www.akead.com\/fr\/#website"},"datePublished":"2023-03-25T08:34:11+00:00","dateModified":"2023-03-25T08:35:02+00:00","breadcrumb":{"@id":"https:\/\/www.akead.com\/fr\/entreprise\/profile-de-lentreprise\/#breadcrumb"},"inLanguage":"fr-FR","potentialAction":[{"@type":"ReadAction","target":["https:\/\/www.akead.com\/fr\/entreprise\/profile-de-lentreprise\/"]}]},{"@type":"BreadcrumbList","@id":"https:\/\/www.akead.com\/fr\/entreprise\/profile-de-lentreprise\/#breadcrumb","itemListElement":[{"@type":"ListItem","position":1,"name":"Home","item":"https:\/\/www.akead.com\/fr\/"},{"@type":"ListItem","position":2,"name":"Entreprise","item":"https:\/\/www.akead.com\/fr\/entreprise\/"},{"@type":"ListItem","position":3,"name":"Profile de l&#8217;entreprise"}]},{"@type":"WebSite","@id":"https:\/\/www.akead.com\/fr\/#website","url":"https:\/\/www.akead.com\/fr\/","name":"AKEAD Solution Logicielle","description":"","publisher":{"@id":"https:\/\/www.akead.com\/fr\/#organization"},"potentialAction":[{"@type":"SearchAction","target":{"@type":"EntryPoint","urlTemplate":"https:\/\/www.akead.com\/fr\/?s={search_term_string}"},"query-input":"required name=search_term_string"}],"inLanguage":"fr-FR"},{"@type":"Organization","@id":"https:\/\/www.akead.com\/fr\/#organization","name":"AKEAD Solution Logicielle","url":"https:\/\/www.akead.com\/fr\/","logo":{"@type":"ImageObject","inLanguage":"fr-FR","@id":"https:\/\/www.akead.com\/fr\/#\/schema\/logo\/image\/","url":"https:\/\/www.akead.com\/fr\/wp-content\/uploads\/sites\/3\/2026\/04\/akead-24th.svg","contentUrl":"https:\/\/www.akead.com\/fr\/wp-content\/uploads\/sites\/3\/2026\/04\/akead-24th.svg","width":428,"height":68,"caption":"AKEAD Solution Logicielle"},"image":{"@id":"https:\/\/www.akead.com\/fr\/#\/schema\/logo\/image\/"}}]}},"acf":[],"_links":{"self":[{"href":"https:\/\/www.akead.com\/fr\/wp-json\/wp\/v2\/pages\/30770"}],"collection":[{"href":"https:\/\/www.akead.com\/fr\/wp-json\/wp\/v2\/pages"}],"about":[{"href":"https:\/\/www.akead.com\/fr\/wp-json\/wp\/v2\/types\/page"}],"author":[{"embeddable":true,"href":"https:\/\/www.akead.com\/fr\/wp-json\/wp\/v2\/users\/1"}],"replies":[{"embeddable":true,"href":"https:\/\/www.akead.com\/fr\/wp-json\/wp\/v2\/comments?post=30770"}],"version-history":[{"count":5,"href":"https:\/\/www.akead.com\/fr\/wp-json\/wp\/v2\/pages\/30770\/revisions"}],"predecessor-version":[{"id":30775,"href":"https:\/\/www.akead.com\/fr\/wp-json\/wp\/v2\/pages\/30770\/revisions\/30775"}],"up":[{"embeddable":true,"href":"https:\/\/www.akead.com\/fr\/wp-json\/wp\/v2\/pages\/29256"}],"wp:attachment":[{"href":"https:\/\/www.akead.com\/fr\/wp-json\/wp\/v2\/media?parent=30770"}],"wp:term":[{"taxonomy":"category","embeddable":true,"href":"https:\/\/www.akead.com\/fr\/wp-json\/wp\/v2\/categories?post=30770"},{"taxonomy":"post_tag","embeddable":true,"href":"https:\/\/www.akead.com\/fr\/wp-json\/wp\/v2\/tags?post=30770"}],"curies":[{"name":"wp","href":"https:\/\/api.w.org\/{rel}","templated":true}]}}