{"id":31462,"date":"2024-12-25T10:46:35","date_gmt":"2024-12-25T09:46:35","guid":{"rendered":"https:\/\/www.akead.com\/fr\/?page_id=31462"},"modified":"2024-12-26T06:22:04","modified_gmt":"2024-12-26T05:22:04","slug":"politique-de-cookies","status":"publish","type":"page","link":"https:\/\/www.akead.com\/fr\/politique-de-cookies\/","title":{"rendered":"Politique de cookies"},"content":{"rendered":"\t\t<div data-elementor-type=\"wp-page\" data-elementor-id=\"31462\" class=\"elementor elementor-31462\">\n\t\t\t\t\t\t<section class=\"elementor-section elementor-top-section elementor-element elementor-element-6d07191 elementor-section-full_width elementor-section-height-default elementor-section-height-default\" data-id=\"6d07191\" data-element_type=\"section\">\n\t\t\t\t\t\t<div class=\"elementor-container elementor-column-gap-no\">\n\t\t\t\t\t<div class=\"elementor-column elementor-col-100 elementor-top-column elementor-element elementor-element-b69f345\" data-id=\"b69f345\" data-element_type=\"column\">\n\t\t\t<div class=\"elementor-widget-wrap elementor-element-populated\">\n\t\t\t\t\t\t<div class=\"elementor-element elementor-element-0e7473a elementor-widget elementor-widget-image\" data-id=\"0e7473a\" data-element_type=\"widget\" data-widget_type=\"image.default\">\n\t\t\t\t<div class=\"elementor-widget-container\">\n\t\t\t<style>\/*! elementor - v3.22.0 - 24-06-2024 *\/\n.elementor-widget-image{text-align:center}.elementor-widget-image a{display:inline-block}.elementor-widget-image a img[src$=\".svg\"]{width:48px}.elementor-widget-image img{vertical-align:middle;display:inline-block}<\/style>\t\t\t\t\t\t\t\t\t\t<img fetchpriority=\"high\" decoding=\"async\" width=\"1920\" height=\"500\" src=\"https:\/\/www.akead.com\/fr\/wp-content\/uploads\/sites\/3\/2024\/12\/CerezPolitikasi_Banner_1920x500_fr.jpg\" class=\"attachment-full size-full wp-image-31469\" alt=\"\" srcset=\"https:\/\/www.akead.com\/fr\/wp-content\/uploads\/sites\/3\/2024\/12\/CerezPolitikasi_Banner_1920x500_fr.jpg 1920w, https:\/\/www.akead.com\/fr\/wp-content\/uploads\/sites\/3\/2024\/12\/CerezPolitikasi_Banner_1920x500_fr-300x78.jpg 300w, https:\/\/www.akead.com\/fr\/wp-content\/uploads\/sites\/3\/2024\/12\/CerezPolitikasi_Banner_1920x500_fr-1024x267.jpg 1024w, https:\/\/www.akead.com\/fr\/wp-content\/uploads\/sites\/3\/2024\/12\/CerezPolitikasi_Banner_1920x500_fr-768x200.jpg 768w, https:\/\/www.akead.com\/fr\/wp-content\/uploads\/sites\/3\/2024\/12\/CerezPolitikasi_Banner_1920x500_fr-1536x400.jpg 1536w, https:\/\/www.akead.com\/fr\/wp-content\/uploads\/sites\/3\/2024\/12\/CerezPolitikasi_Banner_1920x500_fr-24x6.jpg 24w, https:\/\/www.akead.com\/fr\/wp-content\/uploads\/sites\/3\/2024\/12\/CerezPolitikasi_Banner_1920x500_fr-36x9.jpg 36w, https:\/\/www.akead.com\/fr\/wp-content\/uploads\/sites\/3\/2024\/12\/CerezPolitikasi_Banner_1920x500_fr-48x13.jpg 48w\" sizes=\"(max-width: 1920px) 100vw, 1920px\" \/>\t\t\t\t\t\t\t\t\t\t\t\t\t<\/div>\n\t\t\t\t<\/div>\n\t\t\t\t\t<\/div>\n\t\t<\/div>\n\t\t\t\t\t<\/div>\n\t\t<\/section>\n\t\t\t\t<section class=\"elementor-section elementor-top-section elementor-element elementor-element-5a44dd5 elementor-section-boxed elementor-section-height-default elementor-section-height-default\" data-id=\"5a44dd5\" data-element_type=\"section\">\n\t\t\t\t\t\t<div class=\"elementor-container elementor-column-gap-default\">\n\t\t\t\t\t<div class=\"elementor-column elementor-col-100 elementor-top-column elementor-element elementor-element-4607de5\" data-id=\"4607de5\" data-element_type=\"column\">\n\t\t\t<div class=\"elementor-widget-wrap elementor-element-populated\">\n\t\t\t\t\t\t<div class=\"elementor-element elementor-element-8c19392 elementor-widget elementor-widget-heading\" data-id=\"8c19392\" data-element_type=\"widget\" data-widget_type=\"heading.default\">\n\t\t\t\t<div class=\"elementor-widget-container\">\n\t\t\t<style>\/*! elementor - v3.22.0 - 24-06-2024 *\/\n.elementor-heading-title{padding:0;margin:0;line-height:1}.elementor-widget-heading .elementor-heading-title[class*=elementor-size-]>a{color:inherit;font-size:inherit;line-height:inherit}.elementor-widget-heading .elementor-heading-title.elementor-size-small{font-size:15px}.elementor-widget-heading .elementor-heading-title.elementor-size-medium{font-size:19px}.elementor-widget-heading .elementor-heading-title.elementor-size-large{font-size:29px}.elementor-widget-heading .elementor-heading-title.elementor-size-xl{font-size:39px}.elementor-widget-heading .elementor-heading-title.elementor-size-xxl{font-size:59px}<\/style><h2 class=\"elementor-heading-title elementor-size-default\">Politique relative aux cookies du logiciel AKEAD<\/h2>\t\t<\/div>\n\t\t\t\t<\/div>\n\t\t\t\t<div class=\"elementor-element elementor-element-a6410cd elementor-widget-divider--view-line elementor-widget elementor-widget-divider\" data-id=\"a6410cd\" data-element_type=\"widget\" data-widget_type=\"divider.default\">\n\t\t\t\t<div class=\"elementor-widget-container\">\n\t\t\t<style>\/*! elementor - v3.22.0 - 24-06-2024 *\/\n.elementor-widget-divider{--divider-border-style:none;--divider-border-width:1px;--divider-color:#0c0d0e;--divider-icon-size:20px;--divider-element-spacing:10px;--divider-pattern-height:24px;--divider-pattern-size:20px;--divider-pattern-url:none;--divider-pattern-repeat:repeat-x}.elementor-widget-divider .elementor-divider{display:flex}.elementor-widget-divider .elementor-divider__text{font-size:15px;line-height:1;max-width:95%}.elementor-widget-divider .elementor-divider__element{margin:0 var(--divider-element-spacing);flex-shrink:0}.elementor-widget-divider .elementor-icon{font-size:var(--divider-icon-size)}.elementor-widget-divider .elementor-divider-separator{display:flex;margin:0;direction:ltr}.elementor-widget-divider--view-line_icon .elementor-divider-separator,.elementor-widget-divider--view-line_text .elementor-divider-separator{align-items:center}.elementor-widget-divider--view-line_icon .elementor-divider-separator:after,.elementor-widget-divider--view-line_icon .elementor-divider-separator:before,.elementor-widget-divider--view-line_text .elementor-divider-separator:after,.elementor-widget-divider--view-line_text .elementor-divider-separator:before{display:block;content:\"\";border-block-end:0;flex-grow:1;border-block-start:var(--divider-border-width) var(--divider-border-style) var(--divider-color)}.elementor-widget-divider--element-align-left .elementor-divider .elementor-divider-separator>.elementor-divider__svg:first-of-type{flex-grow:0;flex-shrink:100}.elementor-widget-divider--element-align-left .elementor-divider-separator:before{content:none}.elementor-widget-divider--element-align-left .elementor-divider__element{margin-left:0}.elementor-widget-divider--element-align-right .elementor-divider .elementor-divider-separator>.elementor-divider__svg:last-of-type{flex-grow:0;flex-shrink:100}.elementor-widget-divider--element-align-right .elementor-divider-separator:after{content:none}.elementor-widget-divider--element-align-right .elementor-divider__element{margin-right:0}.elementor-widget-divider--element-align-start .elementor-divider .elementor-divider-separator>.elementor-divider__svg:first-of-type{flex-grow:0;flex-shrink:100}.elementor-widget-divider--element-align-start .elementor-divider-separator:before{content:none}.elementor-widget-divider--element-align-start .elementor-divider__element{margin-inline-start:0}.elementor-widget-divider--element-align-end .elementor-divider .elementor-divider-separator>.elementor-divider__svg:last-of-type{flex-grow:0;flex-shrink:100}.elementor-widget-divider--element-align-end .elementor-divider-separator:after{content:none}.elementor-widget-divider--element-align-end .elementor-divider__element{margin-inline-end:0}.elementor-widget-divider:not(.elementor-widget-divider--view-line_text):not(.elementor-widget-divider--view-line_icon) .elementor-divider-separator{border-block-start:var(--divider-border-width) var(--divider-border-style) var(--divider-color)}.elementor-widget-divider--separator-type-pattern{--divider-border-style:none}.elementor-widget-divider--separator-type-pattern.elementor-widget-divider--view-line .elementor-divider-separator,.elementor-widget-divider--separator-type-pattern:not(.elementor-widget-divider--view-line) .elementor-divider-separator:after,.elementor-widget-divider--separator-type-pattern:not(.elementor-widget-divider--view-line) .elementor-divider-separator:before,.elementor-widget-divider--separator-type-pattern:not([class*=elementor-widget-divider--view]) .elementor-divider-separator{width:100%;min-height:var(--divider-pattern-height);-webkit-mask-size:var(--divider-pattern-size) 100%;mask-size:var(--divider-pattern-size) 100%;-webkit-mask-repeat:var(--divider-pattern-repeat);mask-repeat:var(--divider-pattern-repeat);background-color:var(--divider-color);-webkit-mask-image:var(--divider-pattern-url);mask-image:var(--divider-pattern-url)}.elementor-widget-divider--no-spacing{--divider-pattern-size:auto}.elementor-widget-divider--bg-round{--divider-pattern-repeat:round}.rtl .elementor-widget-divider .elementor-divider__text{direction:rtl}.e-con-inner>.elementor-widget-divider,.e-con>.elementor-widget-divider{width:var(--container-widget-width,100%);--flex-grow:var(--container-widget-flex-grow)}<\/style>\t\t<div class=\"elementor-divider\">\n\t\t\t<span class=\"elementor-divider-separator\">\n\t\t\t\t\t\t<\/span>\n\t\t<\/div>\n\t\t\t\t<\/div>\n\t\t\t\t<\/div>\n\t\t\t\t<div class=\"elementor-element elementor-element-6075449 elementor-widget elementor-widget-text-editor\" data-id=\"6075449\" data-element_type=\"widget\" data-widget_type=\"text-editor.default\">\n\t\t\t\t<div class=\"elementor-widget-container\">\n\t\t\t<style>\/*! elementor - v3.22.0 - 24-06-2024 *\/\n.elementor-widget-text-editor.elementor-drop-cap-view-stacked .elementor-drop-cap{background-color:#69727d;color:#fff}.elementor-widget-text-editor.elementor-drop-cap-view-framed .elementor-drop-cap{color:#69727d;border:3px solid;background-color:transparent}.elementor-widget-text-editor:not(.elementor-drop-cap-view-default) .elementor-drop-cap{margin-top:8px}.elementor-widget-text-editor:not(.elementor-drop-cap-view-default) .elementor-drop-cap-letter{width:1em;height:1em}.elementor-widget-text-editor .elementor-drop-cap{float:left;text-align:center;line-height:1;font-size:50px}.elementor-widget-text-editor .elementor-drop-cap-letter{display:inline-block}<\/style>\t\t\t\t<p class=\"p1\">La Soci\u00e9t\u00e9 Anonyme Akead vise \u00e0 am\u00e9liorer l&rsquo;exp\u00e9rience utilisateur sur le site www.akead.com, \u00e0 assurer les op\u00e9rations plus s\u00fbres, plus rapides et plus faciles, \u00e0 augmenter les performances du site, \u00e0 \u00e9valuer les pr\u00e9f\u00e9rences des utilisateurs sur le site et \u00e0 personnaliser le site Web selon les utilisateurs gr\u00e2ce \u00e0 ces mouvements, peut utiliser des cookies pour analyser l&rsquo;utilisation du site et pour cr\u00e9er des activit\u00e9s de publicit\u00e9 et de marketing.<\/p><p class=\"p1\">Avec l&rsquo;utilisation du site Web, les donn\u00e9es obtenues par le biais des cookies sont enregistr\u00e9es et trait\u00e9es par la soci\u00e9t\u00e9 anonyme Akead. Tant que les param\u00e8tres des cookies ne sont pas modifi\u00e9s via le navigateur, l&rsquo;utilisation du cookie correspondant sur le site Web est r\u00e9put\u00e9e accept\u00e9e. Vous pouvez modifier les param\u00e8tres cookies dans les param\u00e8tres du navigateur. La modification ou le blocage des param\u00e8tres des cookies emp\u00eachera le fonctionnement de toutes les fonctionnalit\u00e9s et les services du site Web.<\/p>\t\t\t\t\t\t<\/div>\n\t\t\t\t<\/div>\n\t\t\t\t\t<\/div>\n\t\t<\/div>\n\t\t\t\t\t<\/div>\n\t\t<\/section>\n\t\t\t\t<section class=\"elementor-section elementor-top-section elementor-element elementor-element-c5c5587 elementor-section-boxed elementor-section-height-default elementor-section-height-default\" data-id=\"c5c5587\" data-element_type=\"section\">\n\t\t\t\t\t\t<div class=\"elementor-container elementor-column-gap-default\">\n\t\t\t\t\t<div class=\"elementor-column elementor-col-100 elementor-top-column elementor-element elementor-element-89b41b0\" data-id=\"89b41b0\" data-element_type=\"column\">\n\t\t\t<div class=\"elementor-widget-wrap elementor-element-populated\">\n\t\t\t\t\t\t<div class=\"elementor-element elementor-element-a7ec39d elementor-widget elementor-widget-heading\" data-id=\"a7ec39d\" data-element_type=\"widget\" data-widget_type=\"heading.default\">\n\t\t\t\t<div class=\"elementor-widget-container\">\n\t\t\t<h2 class=\"elementor-heading-title elementor-size-default\">Types de cookies utilis\u00e9s sur le site Web<\/h2>\t\t<\/div>\n\t\t\t\t<\/div>\n\t\t\t\t<div class=\"elementor-element elementor-element-30c6283 elementor-widget-divider--view-line elementor-widget elementor-widget-divider\" data-id=\"30c6283\" data-element_type=\"widget\" data-widget_type=\"divider.default\">\n\t\t\t\t<div class=\"elementor-widget-container\">\n\t\t\t\t\t<div class=\"elementor-divider\">\n\t\t\t<span class=\"elementor-divider-separator\">\n\t\t\t\t\t\t<\/span>\n\t\t<\/div>\n\t\t\t\t<\/div>\n\t\t\t\t<\/div>\n\t\t\t\t<div class=\"elementor-element elementor-element-e1c742e elementor-widget elementor-widget-text-editor\" data-id=\"e1c742e\" data-element_type=\"widget\" data-widget_type=\"text-editor.default\">\n\t\t\t\t<div class=\"elementor-widget-container\">\n\t\t\t\t\t\t\t<p class=\"p1\"><b>Cookies analytiques<\/b> : Les cookies analytiques aident au d\u00e9veloppement du site Web concern\u00e9, examinent le comportement des visiteurs du site Web, collectent des informations sur l&rsquo;utilisation du site, sans identifier les utilisateurs. Les cookies utilis\u00e9s via Google Analytics mesurent l&rsquo;impact des publicit\u00e9s ainsi que les donn\u00e9es obtenues \u00e0 partir de l&rsquo;utilisation du site Web.<\/p><p class=\"p1\"><b>Cookies Google AdSense<\/b>: Les cookies Google AdSense, utilis\u00e9s \u00e0 des fins publicitaires et marketing, permettent la personnalisation des publicit\u00e9s donn\u00e9es sur les propri\u00e9t\u00e9s Google, la mesure de l&rsquo;impact des campagnes publicitaires et la cr\u00e9ation d&rsquo;annonces en fonction des interactions des utilisateurs.<\/p><p class=\"p1\"><b>Cookies de partage (liens sociaux)<\/b> : Ce cookie cr\u00e9\u00e9 par Facebook est utilis\u00e9 pour d\u00e9terminer quand et comment les pages concern\u00e9es sont partag\u00e9es, la page Web que l&rsquo;utilisateur est arriv\u00e9 sur la page, le navigateur qu&rsquo;il a utilis\u00e9, etc. Il aide \u00e0 collecter des donn\u00e9es sur les informations. Ces cookies sont utilis\u00e9s \u00e0 des fins de publicit\u00e9, de mesure, de rapport, d&rsquo;analyse, de contr\u00f4le d&rsquo;identit\u00e9. Le compte Facebook est utilis\u00e9 lors de la visite de sites et d&rsquo;applications utilisant des produits Facebook.<\/p>\t\t\t\t\t\t<\/div>\n\t\t\t\t<\/div>\n\t\t\t\t\t<\/div>\n\t\t<\/div>\n\t\t\t\t\t<\/div>\n\t\t<\/section>\n\t\t\t\t<\/div>\n\t\t","protected":false},"excerpt":{"rendered":"<p>Politique relative aux cookies du logiciel AKEAD La Soci\u00e9t\u00e9 Anonyme Akead vise \u00e0 am\u00e9liorer l&rsquo;exp\u00e9rience utilisateur sur le site www.akead.com, \u00e0 assurer les op\u00e9rations plus s\u00fbres, plus rapides et plus faciles, \u00e0 augmenter les performances du site, \u00e0 \u00e9valuer les pr\u00e9f\u00e9rences des utilisateurs sur le site et \u00e0 personnaliser le site Web selon les utilisateurs [&hellip;]<\/p>\n","protected":false},"author":1,"featured_media":31469,"parent":0,"menu_order":0,"comment_status":"closed","ping_status":"closed","template":"elementor_header_footer","meta":{"_acf_changed":false,"inline_featured_image":false,"footnotes":""},"categories":[],"tags":[],"yoast_head":"<!-- This site is optimized with the Yoast SEO plugin v20.6 - https:\/\/yoast.com\/wordpress\/plugins\/seo\/ -->\n<title>Politique de cookies - AKEAD Solution Logicielle<\/title>\n<meta name=\"robots\" content=\"index, follow, max-snippet:-1, max-image-preview:large, max-video-preview:-1\" \/>\n<link rel=\"canonical\" href=\"https:\/\/www.akead.com\/fr\/politique-de-cookies\/\" \/>\n<meta property=\"og:locale\" content=\"fr_FR\" \/>\n<meta property=\"og:type\" content=\"article\" \/>\n<meta property=\"og:title\" content=\"Politique de cookies - AKEAD Solution Logicielle\" \/>\n<meta property=\"og:description\" content=\"Politique relative aux cookies du logiciel AKEAD La Soci\u00e9t\u00e9 Anonyme Akead vise \u00e0 am\u00e9liorer l&rsquo;exp\u00e9rience utilisateur sur le site www.akead.com, \u00e0 assurer les op\u00e9rations plus s\u00fbres, plus rapides et plus faciles, \u00e0 augmenter les performances du site, \u00e0 \u00e9valuer les pr\u00e9f\u00e9rences des utilisateurs sur le site et \u00e0 personnaliser le site Web selon les utilisateurs [&hellip;]\" \/>\n<meta property=\"og:url\" content=\"https:\/\/www.akead.com\/fr\/politique-de-cookies\/\" \/>\n<meta property=\"og:site_name\" content=\"AKEAD Solution Logicielle\" \/>\n<meta property=\"article:modified_time\" content=\"2024-12-26T05:22:04+00:00\" \/>\n<meta property=\"og:image\" content=\"https:\/\/www.akead.com\/fr\/wp-content\/uploads\/sites\/3\/2024\/12\/CerezPolitikasi_Banner_1920x500_fr.jpg\" \/>\n\t<meta property=\"og:image:width\" content=\"1920\" \/>\n\t<meta property=\"og:image:height\" content=\"500\" \/>\n\t<meta property=\"og:image:type\" content=\"image\/jpeg\" \/>\n<meta name=\"twitter:card\" content=\"summary_large_image\" \/>\n<meta name=\"twitter:label1\" content=\"Dur\u00e9e de lecture estim\u00e9e\" \/>\n\t<meta name=\"twitter:data1\" content=\"2 minutes\" \/>\n<script type=\"application\/ld+json\" class=\"yoast-schema-graph\">{\"@context\":\"https:\/\/schema.org\",\"@graph\":[{\"@type\":\"WebPage\",\"@id\":\"https:\/\/www.akead.com\/fr\/politique-de-cookies\/\",\"url\":\"https:\/\/www.akead.com\/fr\/politique-de-cookies\/\",\"name\":\"Politique de cookies - AKEAD Solution Logicielle\",\"isPartOf\":{\"@id\":\"https:\/\/www.akead.com\/fr\/#website\"},\"datePublished\":\"2024-12-25T09:46:35+00:00\",\"dateModified\":\"2024-12-26T05:22:04+00:00\",\"breadcrumb\":{\"@id\":\"https:\/\/www.akead.com\/fr\/politique-de-cookies\/#breadcrumb\"},\"inLanguage\":\"fr-FR\",\"potentialAction\":[{\"@type\":\"ReadAction\",\"target\":[\"https:\/\/www.akead.com\/fr\/politique-de-cookies\/\"]}]},{\"@type\":\"BreadcrumbList\",\"@id\":\"https:\/\/www.akead.com\/fr\/politique-de-cookies\/#breadcrumb\",\"itemListElement\":[{\"@type\":\"ListItem\",\"position\":1,\"name\":\"Home\",\"item\":\"https:\/\/www.akead.com\/fr\/\"},{\"@type\":\"ListItem\",\"position\":2,\"name\":\"Politique de cookies\"}]},{\"@type\":\"WebSite\",\"@id\":\"https:\/\/www.akead.com\/fr\/#website\",\"url\":\"https:\/\/www.akead.com\/fr\/\",\"name\":\"AKEAD Solution Logicielle\",\"description\":\"\",\"publisher\":{\"@id\":\"https:\/\/www.akead.com\/fr\/#organization\"},\"potentialAction\":[{\"@type\":\"SearchAction\",\"target\":{\"@type\":\"EntryPoint\",\"urlTemplate\":\"https:\/\/www.akead.com\/fr\/?s={search_term_string}\"},\"query-input\":\"required name=search_term_string\"}],\"inLanguage\":\"fr-FR\"},{\"@type\":\"Organization\",\"@id\":\"https:\/\/www.akead.com\/fr\/#organization\",\"name\":\"AKEAD Solution Logicielle\",\"url\":\"https:\/\/www.akead.com\/fr\/\",\"logo\":{\"@type\":\"ImageObject\",\"inLanguage\":\"fr-FR\",\"@id\":\"https:\/\/www.akead.com\/fr\/#\/schema\/logo\/image\/\",\"url\":\"https:\/\/www.akead.com\/fr\/wp-content\/uploads\/sites\/3\/2025\/04\/23Yil_logo_top_bluebg.svg\",\"contentUrl\":\"https:\/\/www.akead.com\/fr\/wp-content\/uploads\/sites\/3\/2025\/04\/23Yil_logo_top_bluebg.svg\",\"width\":420,\"height\":67,\"caption\":\"AKEAD Solution Logicielle\"},\"image\":{\"@id\":\"https:\/\/www.akead.com\/fr\/#\/schema\/logo\/image\/\"}}]}<\/script>\n<!-- \/ Yoast SEO plugin. -->","yoast_head_json":{"title":"Politique de cookies - AKEAD Solution Logicielle","robots":{"index":"index","follow":"follow","max-snippet":"max-snippet:-1","max-image-preview":"max-image-preview:large","max-video-preview":"max-video-preview:-1"},"canonical":"https:\/\/www.akead.com\/fr\/politique-de-cookies\/","og_locale":"fr_FR","og_type":"article","og_title":"Politique de cookies - AKEAD Solution Logicielle","og_description":"Politique relative aux cookies du logiciel AKEAD La Soci\u00e9t\u00e9 Anonyme Akead vise \u00e0 am\u00e9liorer l&rsquo;exp\u00e9rience utilisateur sur le site www.akead.com, \u00e0 assurer les op\u00e9rations plus s\u00fbres, plus rapides et plus faciles, \u00e0 augmenter les performances du site, \u00e0 \u00e9valuer les pr\u00e9f\u00e9rences des utilisateurs sur le site et \u00e0 personnaliser le site Web selon les utilisateurs [&hellip;]","og_url":"https:\/\/www.akead.com\/fr\/politique-de-cookies\/","og_site_name":"AKEAD Solution Logicielle","article_modified_time":"2024-12-26T05:22:04+00:00","og_image":[{"width":1920,"height":500,"url":"https:\/\/www.akead.com\/fr\/wp-content\/uploads\/sites\/3\/2024\/12\/CerezPolitikasi_Banner_1920x500_fr.jpg","type":"image\/jpeg"}],"twitter_card":"summary_large_image","twitter_misc":{"Dur\u00e9e de lecture estim\u00e9e":"2 minutes"},"schema":{"@context":"https:\/\/schema.org","@graph":[{"@type":"WebPage","@id":"https:\/\/www.akead.com\/fr\/politique-de-cookies\/","url":"https:\/\/www.akead.com\/fr\/politique-de-cookies\/","name":"Politique de cookies - AKEAD Solution Logicielle","isPartOf":{"@id":"https:\/\/www.akead.com\/fr\/#website"},"datePublished":"2024-12-25T09:46:35+00:00","dateModified":"2024-12-26T05:22:04+00:00","breadcrumb":{"@id":"https:\/\/www.akead.com\/fr\/politique-de-cookies\/#breadcrumb"},"inLanguage":"fr-FR","potentialAction":[{"@type":"ReadAction","target":["https:\/\/www.akead.com\/fr\/politique-de-cookies\/"]}]},{"@type":"BreadcrumbList","@id":"https:\/\/www.akead.com\/fr\/politique-de-cookies\/#breadcrumb","itemListElement":[{"@type":"ListItem","position":1,"name":"Home","item":"https:\/\/www.akead.com\/fr\/"},{"@type":"ListItem","position":2,"name":"Politique de cookies"}]},{"@type":"WebSite","@id":"https:\/\/www.akead.com\/fr\/#website","url":"https:\/\/www.akead.com\/fr\/","name":"AKEAD Solution Logicielle","description":"","publisher":{"@id":"https:\/\/www.akead.com\/fr\/#organization"},"potentialAction":[{"@type":"SearchAction","target":{"@type":"EntryPoint","urlTemplate":"https:\/\/www.akead.com\/fr\/?s={search_term_string}"},"query-input":"required name=search_term_string"}],"inLanguage":"fr-FR"},{"@type":"Organization","@id":"https:\/\/www.akead.com\/fr\/#organization","name":"AKEAD Solution Logicielle","url":"https:\/\/www.akead.com\/fr\/","logo":{"@type":"ImageObject","inLanguage":"fr-FR","@id":"https:\/\/www.akead.com\/fr\/#\/schema\/logo\/image\/","url":"https:\/\/www.akead.com\/fr\/wp-content\/uploads\/sites\/3\/2025\/04\/23Yil_logo_top_bluebg.svg","contentUrl":"https:\/\/www.akead.com\/fr\/wp-content\/uploads\/sites\/3\/2025\/04\/23Yil_logo_top_bluebg.svg","width":420,"height":67,"caption":"AKEAD Solution Logicielle"},"image":{"@id":"https:\/\/www.akead.com\/fr\/#\/schema\/logo\/image\/"}}]}},"acf":[],"_links":{"self":[{"href":"https:\/\/www.akead.com\/fr\/wp-json\/wp\/v2\/pages\/31462"}],"collection":[{"href":"https:\/\/www.akead.com\/fr\/wp-json\/wp\/v2\/pages"}],"about":[{"href":"https:\/\/www.akead.com\/fr\/wp-json\/wp\/v2\/types\/page"}],"author":[{"embeddable":true,"href":"https:\/\/www.akead.com\/fr\/wp-json\/wp\/v2\/users\/1"}],"replies":[{"embeddable":true,"href":"https:\/\/www.akead.com\/fr\/wp-json\/wp\/v2\/comments?post=31462"}],"version-history":[{"count":8,"href":"https:\/\/www.akead.com\/fr\/wp-json\/wp\/v2\/pages\/31462\/revisions"}],"predecessor-version":[{"id":31473,"href":"https:\/\/www.akead.com\/fr\/wp-json\/wp\/v2\/pages\/31462\/revisions\/31473"}],"wp:featuredmedia":[{"embeddable":true,"href":"https:\/\/www.akead.com\/fr\/wp-json\/wp\/v2\/media\/31469"}],"wp:attachment":[{"href":"https:\/\/www.akead.com\/fr\/wp-json\/wp\/v2\/media?parent=31462"}],"wp:term":[{"taxonomy":"category","embeddable":true,"href":"https:\/\/www.akead.com\/fr\/wp-json\/wp\/v2\/categories?post=31462"},{"taxonomy":"post_tag","embeddable":true,"href":"https:\/\/www.akead.com\/fr\/wp-json\/wp\/v2\/tags?post=31462"}],"curies":[{"name":"wp","href":"https:\/\/api.w.org\/{rel}","templated":true}]}}